{"id":6849,"date":"2021-09-16T12:08:57","date_gmt":"2021-09-16T10:08:57","guid":{"rendered":"https:\/\/www.bekasew24.com\/servicios-2\/"},"modified":"2022-06-22T19:11:00","modified_gmt":"2022-06-22T17:11:00","slug":"servicios-2","status":"publish","type":"page","link":"https:\/\/www.bekasew24.com\/es\/servicios-2\/","title":{"rendered":"Servicios"},"content":{"rendered":"\n\n  <div class=\"banner has-hover\" id=\"banner-1030435551\">\n          <div class=\"banner-inner fill\">\n        <div class=\"banner-bg fill\" >\n            <div class=\"bg fill bg-fill \"><\/div>\n                                    \n                    <\/div>\n        <div class=\"banner-layers container\">\n            <div class=\"fill banner-link\"><\/div>            \n\n   <div id=\"text-box-767713045\" class=\"text-box banner-layer x50 md-x50 lg-x50 y50 md-y50 lg-y50 res-text\">\n                                <div class=\"text-box-content text dark\">\n              \n              <div class=\"text-inner text-center\">\n                  \n\n<h2 class=\"uppercase\"><strong>SERVICIOS<\/strong><\/h2>\n\n              <\/div>\n           <\/div>\n                            \n<style>\n#text-box-767713045 {\n  width: 60%;\n}\n#text-box-767713045 .text-box-content {\n  font-size: 100%;\n}\n<\/style>\n    <\/div>\n \n\n        <\/div>\n      <\/div>\n\n            \n<style>\n#banner-1030435551 {\n  padding-top: 200px;\n  background-color: #00005e;\n}\n<\/style>\n  <\/div>\n\n\n\t<section class=\"section\" id=\"section_815319497\">\n\t\t<div class=\"bg section-bg fill bg-fill  bg-loaded\" >\n\n\t\t\t\n\t\t\t\n\t\t\t\n\t<div class=\"is-border\"\n\t\tstyle=\"border-color:rgb(235, 235, 235);border-width:1px 0px 0px 0px;\">\n\t<\/div>\n\n\t\t<\/div>\n\n\t\t<div class=\"section-content relative\">\n\t\t\t\n\n<div class=\"row align-center\"  id=\"row-558847837\">\n\n\n\t<div id=\"col-417649808\" class=\"col medium-4 small-12 large-4\"  >\n\t\t<div class=\"col-inner\"  >\n\t\t\t\n\t\t\t\n\n\t<div id=\"text-2934932545\" class=\"text\">\n\t\t\n\n<p>SURTIDO DIVERSO.<br>SERVICIO \u00daNICO.<\/p>\n\t\t\n<style>\n#text-2934932545 {\n  font-size: 2.25rem;\n  text-align: left;\n}\n<\/style>\n\t<\/div>\n\t\n\n\t\t<\/div>\n\t\t\t<\/div>\n\n\t\n\n\t<div id=\"col-613393307\" class=\"col medium-8 small-12 large-8\"  >\n\t\t<div class=\"col-inner\"  >\n\t\t\t\n\t\t\t\n\n\t<div id=\"text-1294357291\" class=\"text\">\n\t\t\n\n<p><span style=\"font-weight: 400;\">Nuestra gama de productos es tan diversa como \u00fanico nuestro servicio: porque con nosotros se beneficia de numerosas ventajas. Nuestros empleados est\u00e1n ampliamente capacitados y tienen una profunda experiencia profesional y t\u00e9cnica en la industria. De esta manera podemos ofrecerle un servicio completo de una sola fuente. La alta disponibilidad de existencias de todos los repuestos para m\u00e1quinas de coser industriales nos permite entregar los productos, generalmente el mismo d\u00eda. <\/span><\/p>\n<p><span style=\"font-weight: 400;\">Hemos estado suministrando a nuestros clientes en todo el mundo durante m\u00e1s de 30 a\u00f1os y sabemos exactamente lo que es importante en detalle. Cada pa\u00eds tiene un despacho de aduana de importaci\u00f3n individual, lo cual no es un problema para nosotros. Adem\u00e1s, estamos disponibles para usted como contacto personal en cualquier momento, tambi\u00e9n en ingl\u00e9s. <\/span><\/p>\n<p>&nbsp;<\/p>\n\t\t\n<style>\n#text-1294357291 {\n  font-size: 1rem;\n  text-align: left;\n}\n<\/style>\n\t<\/div>\n\t\n\n\t\t<\/div>\n\t\t\t<\/div>\n\n\t\n\n<\/div>\n\n\t\t<\/div>\n\n\t\t\n<style>\n#section_815319497 {\n  padding-top: 40px;\n  padding-bottom: 40px;\n  min-height: 300px;\n  background-color: rgb(255,255,255);\n}\n<\/style>\n\t<\/section>\n\t\n\t<section class=\"section\" id=\"section_865545849\">\n\t\t<div class=\"bg section-bg fill bg-fill  bg-loaded\" >\n\n\t\t\t\n\t\t\t\n\t\t\t\n\t<div class=\"is-border\"\n\t\tstyle=\"border-color:rgb(235, 235, 235);border-width:1px 0px 0px 0px;\">\n\t<\/div>\n\n\t\t<\/div>\n\n\t\t<div class=\"section-content relative\">\n\t\t\t\n\n<div class=\"row\"  id=\"row-1764102421\">\n\n\n\t<div id=\"col-1433483048\" class=\"col medium-8 small-12 large-8\"  >\n\t\t<div class=\"col-inner\"  >\n\t\t\t\n\t\t\t\n\n<h3>NUESTRO SERVICIO PARA USTED<\/h3>\n<ul>\n<li style=\"font-weight: 400;\" aria-level=\"1\"><span style=\"font-weight: 400;\">Persona de contacto personal en ingl\u00e9s<\/span><\/li>\n<li style=\"font-weight: 400;\" aria-level=\"1\"><span style=\"font-weight: 400;\">Productos de alta calidad, precios justos.<\/span><\/li>\n<li style=\"font-weight: 400;\" aria-level=\"1\"><span style=\"font-weight: 400;\">Env\u00edos a todo el mundo<\/span><\/li>\n<li style=\"font-weight: 400;\" aria-level=\"1\"><span style=\"font-weight: 400;\">Repuestos que ya no est\u00e1n disponibles en otros lugares<\/span><\/li>\n<li style=\"font-weight: 400;\" aria-level=\"1\"><span style=\"font-weight: 400;\">Alta disponibilidad de stock de repuestos<\/span><\/li>\n<li style=\"font-weight: 400;\" aria-level=\"1\"><span style=\"font-weight: 400;\">Entrega el mismo d\u00eda<\/span><\/li>\n<li style=\"font-weight: 400;\" aria-level=\"1\"><span style=\"font-weight: 400;\">Disponible para ordenar 24\/7<\/span><\/li>\n<\/ul>\n\n\t\t<\/div>\n\t\t\t<\/div>\n\n\t\n\n\t<div id=\"col-606936301\" class=\"col medium-4 small-12 large-4\"  >\n\t\t<div class=\"col-inner\"  >\n\t\t\t\n\t\t\t\n\n\t<div class=\"img has-hover x md-x lg-x y md-y lg-y\" id=\"image_964095459\">\n\t\t\t\t\t\t\t\t<div class=\"img-inner dark\" >\n\t\t\t<img loading=\"lazy\" decoding=\"async\" width=\"514\" height=\"373\" src=\"https:\/\/www.bekasew24.com\/wp-content\/uploads\/2021\/11\/BEKA_teaser.png\" class=\"attachment-large size-large\" alt=\"\" srcset=\"https:\/\/www.bekasew24.com\/wp-content\/uploads\/2021\/11\/BEKA_teaser.png 514w, https:\/\/www.bekasew24.com\/wp-content\/uploads\/2021\/11\/BEKA_teaser-300x218.png 300w, https:\/\/www.bekasew24.com\/wp-content\/uploads\/2021\/11\/BEKA_teaser-510x370.png 510w\" sizes=\"auto, (max-width: 514px) 100vw, 514px\" \/>\t\t\t\t\t\t\n\t\t\t\t\t<\/div>\n\t\t\t\t\t\t\t\t\n<style>\n#image_964095459 {\n  width: 100%;\n}\n<\/style>\n\t<\/div>\n\t\n\n\n\t\t<\/div>\n\t\t\t<\/div>\n\n\t\n\n<\/div>\n\n\t\t<\/div>\n\n\t\t\n<style>\n#section_865545849 {\n  padding-top: 40px;\n  padding-bottom: 40px;\n  min-height: 300px;\n  background-color: #dae3e8;\n}\n<\/style>\n\t<\/section>\n\t\n","protected":false},"excerpt":{"rendered":"","protected":false},"author":1,"featured_media":0,"parent":0,"menu_order":0,"comment_status":"closed","ping_status":"closed","template":"page-blank.php","meta":{"footnotes":""},"class_list":["post-6849","page","type-page","status-publish","hentry"],"acf":[],"_links":{"self":[{"href":"https:\/\/www.bekasew24.com\/es\/wp-json\/wp\/v2\/pages\/6849","targetHints":{"allow":["GET"]}}],"collection":[{"href":"https:\/\/www.bekasew24.com\/es\/wp-json\/wp\/v2\/pages"}],"about":[{"href":"https:\/\/www.bekasew24.com\/es\/wp-json\/wp\/v2\/types\/page"}],"author":[{"embeddable":true,"href":"https:\/\/www.bekasew24.com\/es\/wp-json\/wp\/v2\/users\/1"}],"replies":[{"embeddable":true,"href":"https:\/\/www.bekasew24.com\/es\/wp-json\/wp\/v2\/comments?post=6849"}],"version-history":[{"count":5,"href":"https:\/\/www.bekasew24.com\/es\/wp-json\/wp\/v2\/pages\/6849\/revisions"}],"predecessor-version":[{"id":39510,"href":"https:\/\/www.bekasew24.com\/es\/wp-json\/wp\/v2\/pages\/6849\/revisions\/39510"}],"wp:attachment":[{"href":"https:\/\/www.bekasew24.com\/es\/wp-json\/wp\/v2\/media?parent=6849"}],"curies":[{"name":"wp","href":"https:\/\/api.w.org\/{rel}","templated":true}]}}