{"id":2470,"date":"2021-12-08T10:34:20","date_gmt":"2021-12-08T09:34:20","guid":{"rendered":"https:\/\/www.bekasew24.com\/?page_id=2470"},"modified":"2021-12-08T10:34:21","modified_gmt":"2021-12-08T09:34:21","slug":"servicios","status":"publish","type":"page","link":"https:\/\/www.bekasew24.com\/es\/servicios\/","title":{"rendered":"Servicios"},"content":{"rendered":"\n\n  <div class=\"banner has-hover\" id=\"banner-248974695\">\n          <div class=\"banner-inner fill\">\n        <div class=\"banner-bg fill\" >\n            <div class=\"bg fill bg-fill \"><\/div>\n                                    \n                    <\/div>\n        <div class=\"banner-layers container\">\n            <div class=\"fill banner-link\"><\/div>            \n\n   <div id=\"text-box-1127337737\" class=\"text-box banner-layer x50 md-x50 lg-x50 y50 md-y50 lg-y50 res-text\">\n                                <div class=\"text-box-content text dark\">\n              \n              <div class=\"text-inner text-center\">\n                  \n\n<h2 class=\"uppercase\"><strong>SERVICIOS<\/strong><\/h2>\n\n              <\/div>\n           <\/div>\n                            \n<style>\n#text-box-1127337737 {\n  width: 60%;\n}\n#text-box-1127337737 .text-box-content {\n  font-size: 100%;\n}\n<\/style>\n    <\/div>\n \n\n        <\/div>\n      <\/div>\n\n            \n<style>\n#banner-248974695 {\n  padding-top: 200px;\n  background-color: #00005e;\n}\n<\/style>\n  <\/div>\n\n\n\t<section class=\"section\" id=\"section_2082036268\">\n\t\t<div class=\"bg section-bg fill bg-fill  bg-loaded\" >\n\n\t\t\t\n\t\t\t\n\t\t\t\n\t<div class=\"is-border\"\n\t\tstyle=\"border-color:rgb(235, 235, 235);border-width:1px 0px 0px 0px;\">\n\t<\/div>\n\n\t\t<\/div>\n\n\t\t<div class=\"section-content relative\">\n\t\t\t\n\n<div class=\"row align-center\"  id=\"row-1719748016\">\n\n\n\t<div id=\"col-284738503\" class=\"col medium-4 small-12 large-4\"  >\n\t\t<div class=\"col-inner\"  >\n\t\t\t\n\t\t\t\n\n\t<div id=\"text-1782018296\" class=\"text\">\n\t\t\n\n<p>CAT\u00c1LOGO VARIADO.<br \/>Y UN SERVICIO EXCLUSIVO.<\/p>\n\t\t\n<style>\n#text-1782018296 {\n  font-size: 2.25rem;\n  text-align: left;\n}\n<\/style>\n\t<\/div>\n\t\n\n\t\t<\/div>\n\t\t\t<\/div>\n\n\t\n\n\t<div id=\"col-510913561\" class=\"col medium-8 small-12 large-8\"  >\n\t\t<div class=\"col-inner\"  >\n\t\t\t\n\t\t\t\n\n\t<div id=\"text-3304420166\" class=\"text\">\n\t\t\n\n<p><span style=\"font-weight: 400;\">Tan variado como nuestro cat\u00e1logo es nuestro servicio. Con nosotros, los clientes se benefician de muchas ventajas. Nuestros empleados est\u00e1n ampliamente formados y hacen gala de una profunda competencia t\u00e9cnica en el sector. De este modo, podemos ofrecer a nuestros clientes un servicio completo de un solo proveedor. La gran <\/span><span style=\"font-weight: 400;\">disponibilidad en almac\u00e9n de todas las piezas de recambio para m\u00e1quinas de coser nos permite enviar los <\/span><span style=\"font-weight: 400;\">art\u00edculos, por lo general, el mismo d\u00eda. <\/span><\/p>\n<p><span style=\"font-weight: 400;\">Llevamos m\u00e1s de 30\u00a0a\u00f1os atendiendo a nuestros clientes en todo el mundo y sabemos perfectamente lo que es importante para ellos. Cada pa\u00eds tiene sus procesos aduaneros para la importaci\u00f3n, que a nosotros no nos suponen ning\u00fan problema. Adem\u00e1s, estamos a disposici\u00f3n de los clientes para atenderlos personalmente en cualquier momento, tambi\u00e9n en ingl\u00e9s.<\/span><\/p>\n\t\t\n<style>\n#text-3304420166 {\n  font-size: 1rem;\n  text-align: left;\n}\n<\/style>\n\t<\/div>\n\t\n\n\t\t<\/div>\n\t\t\t<\/div>\n\n\t\n\n<\/div>\n\n\t\t<\/div>\n\n\t\t\n<style>\n#section_2082036268 {\n  padding-top: 40px;\n  padding-bottom: 40px;\n  min-height: 300px;\n  background-color: rgb(255,255,255);\n}\n<\/style>\n\t<\/section>\n\t\n\t<section class=\"section\" id=\"section_846597377\">\n\t\t<div class=\"bg section-bg fill bg-fill  bg-loaded\" >\n\n\t\t\t\n\t\t\t\n\t\t\t\n\t<div class=\"is-border\"\n\t\tstyle=\"border-color:rgb(235, 235, 235);border-width:1px 0px 0px 0px;\">\n\t<\/div>\n\n\t\t<\/div>\n\n\t\t<div class=\"section-content relative\">\n\t\t\t\n\n<div class=\"row\"  id=\"row-1746366318\">\n\n\n\t<div id=\"col-814410976\" class=\"col medium-8 small-12 large-8\"  >\n\t\t<div class=\"col-inner\"  >\n\t\t\t\n\t\t\t\n\n<h3>ESTOS SON NUESTROS SERVICIOS:<\/h3>\n<ul>\n<li style=\"font-weight: 400;\" aria-level=\"1\"><span style=\"font-weight: 400;\">Asistencia personalizada en ingl\u00e9s<\/span><\/li>\n<li style=\"font-weight: 400;\" aria-level=\"1\"><span style=\"font-weight: 400;\">Productos de excelente calidad a precios razonables<\/span><\/li>\n<li style=\"font-weight: 400;\" aria-level=\"1\"><span style=\"font-weight: 400;\">Env\u00edos a todo el mundo<\/span><\/li>\n<li style=\"font-weight: 400;\" aria-level=\"1\"><span style=\"font-weight: 400;\">Piezas de recambio que ya no se encuentran<\/span><\/li>\n<li style=\"font-weight: 400;\" aria-level=\"1\"><span style=\"font-weight: 400;\">Gran disponibilidad en almac\u00e9n de piezas de recambio<\/span><\/li>\n<li style=\"font-weight: 400;\" aria-level=\"1\"><span style=\"font-weight: 400;\">Env\u00edos el mismo d\u00eda<\/span><\/li>\n<li style=\"font-weight: 400;\" aria-level=\"1\"><span style=\"font-weight: 400;\">Pedidos las 24\u00a0horas del d\u00eda<\/span><\/li>\n<\/ul>\n\n\t\t<\/div>\n\t\t\t<\/div>\n\n\t\n\n\t<div id=\"col-1152184721\" class=\"col medium-4 small-12 large-4\"  >\n\t\t<div class=\"col-inner\"  >\n\t\t\t\n\t\t\t\n\n\t<div class=\"img has-hover x md-x lg-x y md-y lg-y\" id=\"image_1411032298\">\n\t\t\t\t\t\t\t\t<div class=\"img-inner dark\" >\n\t\t\t<img loading=\"lazy\" decoding=\"async\" width=\"514\" height=\"373\" src=\"https:\/\/www.bekasew24.com\/wp-content\/uploads\/2021\/11\/BEKA_teaser.png\" class=\"attachment-large size-large\" alt=\"\" srcset=\"https:\/\/www.bekasew24.com\/wp-content\/uploads\/2021\/11\/BEKA_teaser.png 514w, https:\/\/www.bekasew24.com\/wp-content\/uploads\/2021\/11\/BEKA_teaser-300x218.png 300w, https:\/\/www.bekasew24.com\/wp-content\/uploads\/2021\/11\/BEKA_teaser-510x370.png 510w\" sizes=\"auto, (max-width: 514px) 100vw, 514px\" \/>\t\t\t\t\t\t\n\t\t\t\t\t<\/div>\n\t\t\t\t\t\t\t\t\n<style>\n#image_1411032298 {\n  width: 100%;\n}\n<\/style>\n\t<\/div>\n\t\n\n\n\t\t<\/div>\n\t\t\t<\/div>\n\n\t\n\n<\/div>\n\n\t\t<\/div>\n\n\t\t\n<style>\n#section_846597377 {\n  padding-top: 40px;\n  padding-bottom: 40px;\n  min-height: 300px;\n  background-color: #dae3e8;\n}\n<\/style>\n\t<\/section>\n\t\n\n","protected":false},"excerpt":{"rendered":"","protected":false},"author":1,"featured_media":0,"parent":0,"menu_order":0,"comment_status":"closed","ping_status":"closed","template":"page-blank.php","meta":{"footnotes":""},"class_list":["post-2470","page","type-page","status-publish","hentry"],"acf":[],"_links":{"self":[{"href":"https:\/\/www.bekasew24.com\/es\/wp-json\/wp\/v2\/pages\/2470","targetHints":{"allow":["GET"]}}],"collection":[{"href":"https:\/\/www.bekasew24.com\/es\/wp-json\/wp\/v2\/pages"}],"about":[{"href":"https:\/\/www.bekasew24.com\/es\/wp-json\/wp\/v2\/types\/page"}],"author":[{"embeddable":true,"href":"https:\/\/www.bekasew24.com\/es\/wp-json\/wp\/v2\/users\/1"}],"replies":[{"embeddable":true,"href":"https:\/\/www.bekasew24.com\/es\/wp-json\/wp\/v2\/comments?post=2470"}],"version-history":[{"count":3,"href":"https:\/\/www.bekasew24.com\/es\/wp-json\/wp\/v2\/pages\/2470\/revisions"}],"predecessor-version":[{"id":2473,"href":"https:\/\/www.bekasew24.com\/es\/wp-json\/wp\/v2\/pages\/2470\/revisions\/2473"}],"wp:attachment":[{"href":"https:\/\/www.bekasew24.com\/es\/wp-json\/wp\/v2\/media?parent=2470"}],"curies":[{"name":"wp","href":"https:\/\/api.w.org\/{rel}","templated":true}]}}