{"id":2457,"date":"2021-09-16T12:08:03","date_gmt":"2021-09-16T10:08:03","guid":{"rendered":"https:\/\/www.bekasew24.com\/?page_id=2457"},"modified":"2024-02-01T07:47:44","modified_gmt":"2024-02-01T06:47:44","slug":"acerca-de-beka","status":"publish","type":"page","link":"https:\/\/www.bekasew24.com\/es\/acerca-de-beka\/","title":{"rendered":"Acerca de BeKa"},"content":{"rendered":"\n\n  <div class=\"banner has-hover\" id=\"banner-1104309832\">\n          <div class=\"banner-inner fill\">\n        <div class=\"banner-bg fill\" >\n            <div class=\"bg fill bg-fill \"><\/div>\n                                    \n                    <\/div>\n        <div class=\"banner-layers container\">\n            <div class=\"fill banner-link\"><\/div>            \n\n   <div id=\"text-box-813285701\" class=\"text-box banner-layer x50 md-x50 lg-x50 y50 md-y50 lg-y50 res-text\">\n                                <div class=\"text-box-content text dark\">\n              \n              <div class=\"text-inner text-center\">\n                  \n\n<h2 class=\"uppercase\"><strong>ACERCA DE BEKA<\/strong><\/h2>\n\n              <\/div>\n           <\/div>\n                            \n<style>\n#text-box-813285701 {\n  width: 60%;\n}\n#text-box-813285701 .text-box-content {\n  font-size: 100%;\n}\n<\/style>\n    <\/div>\n \n\n        <\/div>\n      <\/div>\n\n            \n<style>\n#banner-1104309832 {\n  padding-top: 200px;\n  background-color: #00005e;\n}\n<\/style>\n  <\/div>\n\n\n\t<section class=\"section\" id=\"section_744136989\">\n\t\t<div class=\"bg section-bg fill bg-fill  bg-loaded\" >\n\n\t\t\t\n\t\t\t\n\t\t\t\n\t<div class=\"is-border\"\n\t\tstyle=\"border-color:rgb(235, 235, 235);border-width:1px 0px 0px 0px;\">\n\t<\/div>\n\n\t\t<\/div>\n\n\t\t<div class=\"section-content relative\">\n\t\t\t\n\n<div class=\"row\"  id=\"row-148243801\">\n\n\n\t<div id=\"col-283073544\" class=\"col small-12 large-12\"  >\n\t\t<div class=\"col-inner\"  >\n\t\t\t\n\t\t\t\n\n\t<div class=\"img has-hover x md-x lg-x y md-y lg-y\" id=\"image_2048410378\">\n\t\t\t\t\t\t\t\t<div class=\"img-inner dark\" >\n\t\t\t<img loading=\"lazy\" decoding=\"async\" width=\"1020\" height=\"340\" src=\"https:\/\/www.bekasew24.com\/wp-content\/uploads\/2021\/11\/Bildschirmfoto-2021-11-12-um-16.26.23-1024x341.png\" class=\"attachment-large size-large\" alt=\"\" srcset=\"https:\/\/www.bekasew24.com\/wp-content\/uploads\/2021\/11\/Bildschirmfoto-2021-11-12-um-16.26.23-1024x341.png 1024w, https:\/\/www.bekasew24.com\/wp-content\/uploads\/2021\/11\/Bildschirmfoto-2021-11-12-um-16.26.23-300x100.png 300w, https:\/\/www.bekasew24.com\/wp-content\/uploads\/2021\/11\/Bildschirmfoto-2021-11-12-um-16.26.23-768x256.png 768w, https:\/\/www.bekasew24.com\/wp-content\/uploads\/2021\/11\/Bildschirmfoto-2021-11-12-um-16.26.23-510x170.png 510w, https:\/\/www.bekasew24.com\/wp-content\/uploads\/2021\/11\/Bildschirmfoto-2021-11-12-um-16.26.23.png 1062w\" sizes=\"auto, (max-width: 1020px) 100vw, 1020px\" \/>\t\t\t\t\t\t\n\t\t\t\t\t<\/div>\n\t\t\t\t\t\t\t\t\n<style>\n#image_2048410378 {\n  width: 100%;\n}\n<\/style>\n\t<\/div>\n\t\n\n\n\t\t<\/div>\n\t\t\t<\/div>\n\n\t\n\n<\/div>\n<div class=\"row\"  id=\"row-1588828516\">\n\n\n\t<div id=\"col-987929226\" class=\"col medium-4 small-12 large-4\"  >\n\t\t<div class=\"col-inner\"  >\n\t\t\t\n\t\t\t\n\n<div class=\"row\"  id=\"row-1279694563\">\n\n\n\t<div id=\"col-1332941628\" class=\"col medium-10 small-12 large-10\"  >\n\t\t<div class=\"col-inner\"  >\n\t\t\t\n\t\t\t\n\n\t<div id=\"text-585512924\" class=\"text\">\n\t\t\n\n<h1 class=\"uppercase\"><span style=\"font-weight: 400;\">M\u00c1S DE 30 A\u00d1OS DE HISTORIA.<\/span><\/h1>\n\t\t\n<style>\n#text-585512924 {\n  font-size: 1.5rem;\n}\n<\/style>\n\t<\/div>\n\t\n\n\t\t<\/div>\n\t\t\t<\/div>\n\n\t\n\n<\/div>\n\n\t\t<\/div>\n\t\t\t<\/div>\n\n\t\n\n\t<div id=\"col-709081196\" class=\"col medium-8 small-12 large-8\"  >\n\t\t<div class=\"col-inner\"  >\n\t\t\t\n\t\t\t\n\n<p><span style=\"font-weight: 400;\">Bernd Klaus fund\u00f3 BeKa-Industrie-Ausr\u00fcstung GmbH en 1987<\/span><span style=\"font-weight: 400;\">. Llevamos m\u00e1s de 30 a\u00f1os ofreciendo a nuestros clientes piezas de recambio de excelente calidad, as\u00ed como m\u00e1quinas nuevas y de segunda mano de fabricantes de renombre.<\/span><\/p>\n<p><span style=\"font-weight: 400;\">Con los m\u00e1s de 300\u00a0000\u00a0art\u00edculos de nuestro cat\u00e1logo, podemos satisfacer cualquier requisito que tengan nuestros clientes. Una cosa es segura: nuestra historia nos ha convertido en lo que somos hoy, una empresa s\u00f3lida con una amplia experiencia y conocimientos consolidados sobre m\u00e1quinas de coser industriales.<\/span><\/p>\n\n\t\t<\/div>\n\t\t\t<\/div>\n\n\t\n\n<\/div>\n\n\t\t<\/div>\n\n\t\t\n<style>\n#section_744136989 {\n  padding-top: 40px;\n  padding-bottom: 40px;\n  min-height: 300px;\n  background-color: #dae3e8;\n}\n<\/style>\n\t<\/section>\n\t\n\t<section class=\"section\" id=\"section_1403741477\">\n\t\t<div class=\"bg section-bg fill bg-fill  bg-loaded\" >\n\n\t\t\t\n\t\t\t\n\t\t\t\n\n\t\t<\/div>\n\n\t\t<div class=\"section-content relative\">\n\t\t\t\n\n<div class=\"row\"  id=\"row-1256137355\">\n\n\n\t<div id=\"col-1723136233\" class=\"col medium-6 small-12 large-6\"  >\n\t\t<div class=\"col-inner\"  >\n\t\t\t\n\t\t\t\n\n<p><strong>PIEZAS DE RECAMBIO DE PRODUCCI\u00d3N PROPIA<\/strong><br \/><strong>MADE IN GERMANY<\/strong><\/p>\n<p>Producci\u00f3n de piezas de precisi\u00f3n para m\u00e1quinas de coser, bordar y textiles. El tratamiento mec\u00e1nico de metales en peque\u00f1as y grandes series mediante procesos de fabricaci\u00f3n por corte de metales es una de nuestras principales competencias.<\/p>\n\n\t\t<\/div>\n\t\t\t<\/div>\n\n\t\n\n\t<div id=\"col-426411664\" class=\"col medium-6 small-12 large-6\"  >\n\t\t<div class=\"col-inner\"  >\n\t\t\t\n\t\t\t\n\n\t<div class=\"img has-hover x md-x lg-x y md-y lg-y\" id=\"image_2092356802\">\n\t\t\t\t\t\t\t\t<div class=\"img-inner dark\" >\n\t\t\t<img loading=\"lazy\" decoding=\"async\" width=\"884\" height=\"233\" src=\"https:\/\/www.bekasew24.com\/wp-content\/uploads\/2022\/01\/Klaus-Logo-neu-2.jpg\" class=\"attachment-large size-large\" alt=\"\" srcset=\"https:\/\/www.bekasew24.com\/wp-content\/uploads\/2022\/01\/Klaus-Logo-neu-2.jpg 884w, https:\/\/www.bekasew24.com\/wp-content\/uploads\/2022\/01\/Klaus-Logo-neu-2-300x79.jpg 300w, https:\/\/www.bekasew24.com\/wp-content\/uploads\/2022\/01\/Klaus-Logo-neu-2-768x202.jpg 768w, https:\/\/www.bekasew24.com\/wp-content\/uploads\/2022\/01\/Klaus-Logo-neu-2-510x134.jpg 510w\" sizes=\"auto, (max-width: 884px) 100vw, 884px\" \/>\t\t\t\t\t\t\n\t\t\t\t\t<\/div>\n\t\t\t\t\t\t\t\t\n<style>\n#image_2092356802 {\n  width: 49%;\n}\n<\/style>\n\t<\/div>\n\t\n\n\n\t\t<\/div>\n\t\t\n<style>\n#col-426411664 > .col-inner {\n  padding: 75px 0px 0px 150px;\n}\n<\/style>\n\t<\/div>\n\n\t\n\n<\/div>\n\n\t\t<\/div>\n\n\t\t\n<style>\n#section_1403741477 {\n  padding-top: 30px;\n  padding-bottom: 30px;\n}\n<\/style>\n\t<\/section>\n\t\n\n","protected":false},"excerpt":{"rendered":"","protected":false},"author":1,"featured_media":0,"parent":0,"menu_order":0,"comment_status":"closed","ping_status":"closed","template":"page-blank.php","meta":{"footnotes":""},"class_list":["post-2457","page","type-page","status-publish","hentry"],"acf":[],"_links":{"self":[{"href":"https:\/\/www.bekasew24.com\/es\/wp-json\/wp\/v2\/pages\/2457","targetHints":{"allow":["GET"]}}],"collection":[{"href":"https:\/\/www.bekasew24.com\/es\/wp-json\/wp\/v2\/pages"}],"about":[{"href":"https:\/\/www.bekasew24.com\/es\/wp-json\/wp\/v2\/types\/page"}],"author":[{"embeddable":true,"href":"https:\/\/www.bekasew24.com\/es\/wp-json\/wp\/v2\/users\/1"}],"replies":[{"embeddable":true,"href":"https:\/\/www.bekasew24.com\/es\/wp-json\/wp\/v2\/comments?post=2457"}],"version-history":[{"count":10,"href":"https:\/\/www.bekasew24.com\/es\/wp-json\/wp\/v2\/pages\/2457\/revisions"}],"predecessor-version":[{"id":39476,"href":"https:\/\/www.bekasew24.com\/es\/wp-json\/wp\/v2\/pages\/2457\/revisions\/39476"}],"wp:attachment":[{"href":"https:\/\/www.bekasew24.com\/es\/wp-json\/wp\/v2\/media?parent=2457"}],"curies":[{"name":"wp","href":"https:\/\/api.w.org\/{rel}","templated":true}]}}